{"id":15858,"date":"2026-04-04T17:27:59","date_gmt":"2026-04-04T17:27:59","guid":{"rendered":"https:\/\/todoherramientas.com.ar\/?post_type=product&#038;p=15858"},"modified":"2026-04-04T17:32:06","modified_gmt":"2026-04-04T17:32:06","slug":"juego-de-llaves-combinadas-cortas-con-crique-fijas","status":"publish","type":"product","link":"https:\/\/todoherramientas.com.ar\/index.php\/producto\/juego-de-llaves-combinadas-cortas-con-crique-fijas\/","title":{"rendered":"Juego de llaves combinadas cortas con crique fijas"},"content":{"rendered":"<p>Juego de 6 llaves en bl\u00edster, medidas: 8, 10, 11, 13, 14 y 17 mm.<\/p>\n<p>Forjada en acero cromo vanadio. Cabeza fija.<\/p>\n<p>Terminaci\u00f3n satinada anticorrosi\u00f3n.<\/p>\n<p>Su rueda con 90 dientes permite transmitir el movimiento de giro en una \u00fanica direcci\u00f3n con m\u00e1s agilidad y facilidad en comparaci\u00f3n con una llave estrella com\u00fan.<\/p>\n","protected":false},"excerpt":{"rendered":"<p>6 llaves milim\u00e9tricas<\/p>\n","protected":false},"featured_media":15853,"template":"","meta":{"_joinchat":[]},"product_brand":[154],"product_cat":[114,48],"product_tag":[],"class_list":{"0":"post-15858","1":"product","2":"type-product","3":"status-publish","4":"has-post-thumbnail","6":"product_brand-dyllu","7":"product_cat-llaves","8":"product_cat-herramientas-manuales","10":"first","11":"instock","12":"taxable","13":"shipping-taxable","14":"purchasable","15":"product-type-simple"},"aioseo_notices":[],"_links":{"self":[{"href":"https:\/\/todoherramientas.com.ar\/index.php\/wp-json\/wp\/v2\/product\/15858","targetHints":{"allow":["GET"]}}],"collection":[{"href":"https:\/\/todoherramientas.com.ar\/index.php\/wp-json\/wp\/v2\/product"}],"about":[{"href":"https:\/\/todoherramientas.com.ar\/index.php\/wp-json\/wp\/v2\/types\/product"}],"version-history":[{"count":1,"href":"https:\/\/todoherramientas.com.ar\/index.php\/wp-json\/wp\/v2\/product\/15858\/revisions"}],"predecessor-version":[{"id":15859,"href":"https:\/\/todoherramientas.com.ar\/index.php\/wp-json\/wp\/v2\/product\/15858\/revisions\/15859"}],"wp:featuredmedia":[{"embeddable":true,"href":"https:\/\/todoherramientas.com.ar\/index.php\/wp-json\/wp\/v2\/media\/15853"}],"wp:attachment":[{"href":"https:\/\/todoherramientas.com.ar\/index.php\/wp-json\/wp\/v2\/media?parent=15858"}],"wp:term":[{"taxonomy":"product_brand","embeddable":true,"href":"https:\/\/todoherramientas.com.ar\/index.php\/wp-json\/wp\/v2\/product_brand?post=15858"},{"taxonomy":"product_cat","embeddable":true,"href":"https:\/\/todoherramientas.com.ar\/index.php\/wp-json\/wp\/v2\/product_cat?post=15858"},{"taxonomy":"product_tag","embeddable":true,"href":"https:\/\/todoherramientas.com.ar\/index.php\/wp-json\/wp\/v2\/product_tag?post=15858"}],"curies":[{"name":"wp","href":"https:\/\/api.w.org\/{rel}","templated":true}]}}