{"id":15860,"date":"2026-04-04T17:32:42","date_gmt":"2026-04-04T17:32:42","guid":{"rendered":"https:\/\/todoherramientas.com.ar\/?post_type=product&#038;p=15860"},"modified":"2026-04-04T18:41:35","modified_gmt":"2026-04-04T18:41:35","slug":"ventosa-vibradora-para-baldosas","status":"publish","type":"product","link":"https:\/\/todoherramientas.com.ar\/index.php\/producto\/ventosa-vibradora-para-baldosas\/","title":{"rendered":"Ventosa vibradora para baldosas"},"content":{"rendered":"<p>Dise\u00f1o ergon\u00f3mico para mejor manejo y control de vibraci\u00f3n regulable.<\/p>\n<p>Ideal para colocadores de cer\u00e1micos, baldosas y porcelanatos, tanto en obras como en reformas, que buscan mayor precisi\u00f3n, rapidez y calidad de terminaci\u00f3n.<\/p>\n<p>Frecuencia de vibraci\u00f3n: 0-10000 rpm. Tama\u00f1o de la ventosa: 130 mm (5&#8243;). Capacidad de absorci\u00f3n: 50 kgs<\/p>\n<p>Empaquetado en caja de color. No incluye bater\u00eda y cargador.<\/p>\n<p>&nbsp;<\/p>\n","protected":false},"excerpt":{"rendered":"<p>130 MM \/ 20 V<\/p>\n","protected":false},"featured_media":15864,"template":"","meta":{"_joinchat":[]},"product_brand":[154],"product_cat":[160,103],"product_tag":[],"class_list":{"0":"post-15860","1":"product","2":"type-product","3":"status-publish","4":"has-post-thumbnail","6":"product_brand-dyllu","7":"product_cat-a-bateria","8":"product_cat-herramientas-electricas","10":"first","11":"instock","12":"taxable","13":"shipping-taxable","14":"purchasable","15":"product-type-simple"},"aioseo_notices":[],"_links":{"self":[{"href":"https:\/\/todoherramientas.com.ar\/index.php\/wp-json\/wp\/v2\/product\/15860","targetHints":{"allow":["GET"]}}],"collection":[{"href":"https:\/\/todoherramientas.com.ar\/index.php\/wp-json\/wp\/v2\/product"}],"about":[{"href":"https:\/\/todoherramientas.com.ar\/index.php\/wp-json\/wp\/v2\/types\/product"}],"version-history":[{"count":1,"href":"https:\/\/todoherramientas.com.ar\/index.php\/wp-json\/wp\/v2\/product\/15860\/revisions"}],"predecessor-version":[{"id":15861,"href":"https:\/\/todoherramientas.com.ar\/index.php\/wp-json\/wp\/v2\/product\/15860\/revisions\/15861"}],"wp:featuredmedia":[{"embeddable":true,"href":"https:\/\/todoherramientas.com.ar\/index.php\/wp-json\/wp\/v2\/media\/15864"}],"wp:attachment":[{"href":"https:\/\/todoherramientas.com.ar\/index.php\/wp-json\/wp\/v2\/media?parent=15860"}],"wp:term":[{"taxonomy":"product_brand","embeddable":true,"href":"https:\/\/todoherramientas.com.ar\/index.php\/wp-json\/wp\/v2\/product_brand?post=15860"},{"taxonomy":"product_cat","embeddable":true,"href":"https:\/\/todoherramientas.com.ar\/index.php\/wp-json\/wp\/v2\/product_cat?post=15860"},{"taxonomy":"product_tag","embeddable":true,"href":"https:\/\/todoherramientas.com.ar\/index.php\/wp-json\/wp\/v2\/product_tag?post=15860"}],"curies":[{"name":"wp","href":"https:\/\/api.w.org\/{rel}","templated":true}]}}