{"id":15909,"date":"2026-04-26T14:37:33","date_gmt":"2026-04-26T14:37:33","guid":{"rendered":"https:\/\/todoherramientas.com.ar\/?post_type=product&#038;p=15909"},"modified":"2026-04-26T14:39:13","modified_gmt":"2026-04-26T14:39:13","slug":"alba-multisuperficies-2","status":"publish","type":"product","link":"https:\/\/todoherramientas.com.ar\/index.php\/producto\/alba-multisuperficies-2\/","title":{"rendered":"Alba Multisuperficies"},"content":{"rendered":"<p>Alba Multisuperficies es una pintura epoxi al agua, monocomponente, de bajo olor, secado r\u00e1pido y con acci\u00f3n antihongos.<\/p>\n<p>Forma una pel\u00edcula de excelente dureza, alta resistencia a la abrasi\u00f3n y gran durabilidad, f\u00e1cil de limpiar y repelente al agua.<\/p>\n<p>Puede aplicarse directamente sobre pisos de concreto, azulejos, venecitas, vidrio, acr\u00edlico, PVC, galvanizado, aluminio, alba\u00f1iler\u00eda, madera y MDF.<\/p>\n<p>Presenta excelente resistencia a la calcinaci\u00f3n adem\u00e1s de una \u00f3ptima adherencia. Blanco, entonable con Tonalba hasta 37,5 cm3\/litro.<\/p>\n<p>&nbsp;<\/p>\n","protected":false},"excerpt":{"rendered":"<p>Blanco satinado 4 LTS<\/p>\n","protected":false},"featured_media":15906,"template":"","meta":{"_joinchat":[]},"product_brand":[156],"product_cat":[130,129],"product_tag":[],"class_list":{"0":"post-15909","1":"product","2":"type-product","3":"status-publish","4":"has-post-thumbnail","6":"product_brand-alba","7":"product_cat-interior","8":"product_cat-pinturas","10":"first","11":"instock","12":"taxable","13":"shipping-taxable","14":"purchasable","15":"product-type-simple"},"aioseo_notices":[],"_links":{"self":[{"href":"https:\/\/todoherramientas.com.ar\/index.php\/wp-json\/wp\/v2\/product\/15909","targetHints":{"allow":["GET"]}}],"collection":[{"href":"https:\/\/todoherramientas.com.ar\/index.php\/wp-json\/wp\/v2\/product"}],"about":[{"href":"https:\/\/todoherramientas.com.ar\/index.php\/wp-json\/wp\/v2\/types\/product"}],"version-history":[{"count":1,"href":"https:\/\/todoherramientas.com.ar\/index.php\/wp-json\/wp\/v2\/product\/15909\/revisions"}],"predecessor-version":[{"id":15910,"href":"https:\/\/todoherramientas.com.ar\/index.php\/wp-json\/wp\/v2\/product\/15909\/revisions\/15910"}],"wp:featuredmedia":[{"embeddable":true,"href":"https:\/\/todoherramientas.com.ar\/index.php\/wp-json\/wp\/v2\/media\/15906"}],"wp:attachment":[{"href":"https:\/\/todoherramientas.com.ar\/index.php\/wp-json\/wp\/v2\/media?parent=15909"}],"wp:term":[{"taxonomy":"product_brand","embeddable":true,"href":"https:\/\/todoherramientas.com.ar\/index.php\/wp-json\/wp\/v2\/product_brand?post=15909"},{"taxonomy":"product_cat","embeddable":true,"href":"https:\/\/todoherramientas.com.ar\/index.php\/wp-json\/wp\/v2\/product_cat?post=15909"},{"taxonomy":"product_tag","embeddable":true,"href":"https:\/\/todoherramientas.com.ar\/index.php\/wp-json\/wp\/v2\/product_tag?post=15909"}],"curies":[{"name":"wp","href":"https:\/\/api.w.org\/{rel}","templated":true}]}}