{"id":15917,"date":"2026-04-27T01:25:27","date_gmt":"2026-04-27T01:25:27","guid":{"rendered":"https:\/\/todoherramientas.com.ar\/?post_type=product&#038;p=15917"},"modified":"2026-04-27T01:53:49","modified_gmt":"2026-04-27T01:53:49","slug":"juego-de-crique-y-bocallaves-3","status":"publish","type":"product","link":"https:\/\/todoherramientas.com.ar\/index.php\/producto\/juego-de-crique-y-bocallaves-3\/","title":{"rendered":"Juego de crique y bocallaves"},"content":{"rendered":"<p>1 llave crique de 3\/8\u201d, 15 bocallaves de 3\/8\u201d: 8-9-10-11-12-13-14-15-16-17-18-19-20-21-22mm, 6 bocallaves largas de 3\/8&#8243;: 8-10-12-13&#8211;17-19mm<\/p>\n<p>1 movimiento universal de 3\/8\u2033, 2 barras de extensi\u00f3n de 3\/8\u201c: 75mm y 150mm, 2 bocallaves sacabuj\u00edas de 3\/8&#8243;&#8216;: 16 y 21mm, 1 adaptador.<\/p>\n<p>Portapuntas y 11 puntas: 2 hexagonales: 5 y 6mm, 2 planas: 4, 5.5mm , 3 Torx\u00ae: T10, T15, T20, 2 Pozidriv: PZ1 y PZ2, 2 Phillips: PH1 y PH2<\/p>\n<p>Material de acero cromo vanadio tratado t\u00e9rmicamente. Presentaci\u00f3n en malet\u00edn de pl\u00e1stico.<\/p>\n","protected":false},"excerpt":{"rendered":"<p>Encastre 3\/8&#8243; 40 piezas<\/p>\n","protected":false},"featured_media":15911,"template":"","meta":{"_joinchat":[]},"product_brand":[152],"product_cat":[123,121],"product_tag":[],"class_list":{"0":"post-15917","1":"product","2":"type-product","3":"status-publish","4":"has-post-thumbnail","6":"product_brand-mota","7":"product_cat-accesorios","8":"product_cat-bocallaves","10":"first","11":"instock","12":"taxable","13":"shipping-taxable","14":"purchasable","15":"product-type-simple"},"aioseo_notices":[],"_links":{"self":[{"href":"https:\/\/todoherramientas.com.ar\/index.php\/wp-json\/wp\/v2\/product\/15917","targetHints":{"allow":["GET"]}}],"collection":[{"href":"https:\/\/todoherramientas.com.ar\/index.php\/wp-json\/wp\/v2\/product"}],"about":[{"href":"https:\/\/todoherramientas.com.ar\/index.php\/wp-json\/wp\/v2\/types\/product"}],"version-history":[{"count":4,"href":"https:\/\/todoherramientas.com.ar\/index.php\/wp-json\/wp\/v2\/product\/15917\/revisions"}],"predecessor-version":[{"id":15921,"href":"https:\/\/todoherramientas.com.ar\/index.php\/wp-json\/wp\/v2\/product\/15917\/revisions\/15921"}],"wp:featuredmedia":[{"embeddable":true,"href":"https:\/\/todoherramientas.com.ar\/index.php\/wp-json\/wp\/v2\/media\/15911"}],"wp:attachment":[{"href":"https:\/\/todoherramientas.com.ar\/index.php\/wp-json\/wp\/v2\/media?parent=15917"}],"wp:term":[{"taxonomy":"product_brand","embeddable":true,"href":"https:\/\/todoherramientas.com.ar\/index.php\/wp-json\/wp\/v2\/product_brand?post=15917"},{"taxonomy":"product_cat","embeddable":true,"href":"https:\/\/todoherramientas.com.ar\/index.php\/wp-json\/wp\/v2\/product_cat?post=15917"},{"taxonomy":"product_tag","embeddable":true,"href":"https:\/\/todoherramientas.com.ar\/index.php\/wp-json\/wp\/v2\/product_tag?post=15917"}],"curies":[{"name":"wp","href":"https:\/\/api.w.org\/{rel}","templated":true}]}}