{"id":9288,"date":"2022-09-21T20:27:32","date_gmt":"2022-09-21T20:27:32","guid":{"rendered":"https:\/\/todoherramientas.com.ar\/?post_type=product&#038;p=9288"},"modified":"2026-04-05T01:07:49","modified_gmt":"2026-04-05T01:07:49","slug":"pistola-de-pintar-electrica","status":"publish","type":"product","link":"https:\/\/todoherramientas.com.ar\/index.php\/producto\/pistola-de-pintar-electrica\/","title":{"rendered":"Pistola de pintar el\u00e9ctrica"},"content":{"rendered":"<p>Presi\u00f3n de pulverizaci\u00f3n: 0.1-0.2 bar. Di\u00e1metro de la boquilla: 2.5mm.<\/p>\n<p>Viscosidad m\u00e1xima: 50 DIN\/seg. Caudal m\u00e1ximo: 380 ml\/min.<\/p>\n<p>Capacidad del contenedor: 800ml. Peso: 1,4 kg.<\/p>\n<p>Incluye copa medidora de viscosidad y aguja de limpieza.<\/p>\n","protected":false},"excerpt":{"rendered":"<p>450 W<\/p>\n","protected":false},"featured_media":14769,"template":"","meta":{"_joinchat":[]},"product_brand":[153],"product_cat":[103,139],"product_tag":[],"class_list":{"0":"post-9288","1":"product","2":"type-product","3":"status-publish","4":"has-post-thumbnail","6":"product_brand-total","7":"product_cat-herramientas-electricas","8":"product_cat-pistolas-de-pintar","10":"first","11":"instock","12":"taxable","13":"shipping-taxable","14":"purchasable","15":"product-type-simple"},"aioseo_notices":[],"_links":{"self":[{"href":"https:\/\/todoherramientas.com.ar\/index.php\/wp-json\/wp\/v2\/product\/9288","targetHints":{"allow":["GET"]}}],"collection":[{"href":"https:\/\/todoherramientas.com.ar\/index.php\/wp-json\/wp\/v2\/product"}],"about":[{"href":"https:\/\/todoherramientas.com.ar\/index.php\/wp-json\/wp\/v2\/types\/product"}],"version-history":[{"count":6,"href":"https:\/\/todoherramientas.com.ar\/index.php\/wp-json\/wp\/v2\/product\/9288\/revisions"}],"predecessor-version":[{"id":14775,"href":"https:\/\/todoherramientas.com.ar\/index.php\/wp-json\/wp\/v2\/product\/9288\/revisions\/14775"}],"wp:featuredmedia":[{"embeddable":true,"href":"https:\/\/todoherramientas.com.ar\/index.php\/wp-json\/wp\/v2\/media\/14769"}],"wp:attachment":[{"href":"https:\/\/todoherramientas.com.ar\/index.php\/wp-json\/wp\/v2\/media?parent=9288"}],"wp:term":[{"taxonomy":"product_brand","embeddable":true,"href":"https:\/\/todoherramientas.com.ar\/index.php\/wp-json\/wp\/v2\/product_brand?post=9288"},{"taxonomy":"product_cat","embeddable":true,"href":"https:\/\/todoherramientas.com.ar\/index.php\/wp-json\/wp\/v2\/product_cat?post=9288"},{"taxonomy":"product_tag","embeddable":true,"href":"https:\/\/todoherramientas.com.ar\/index.php\/wp-json\/wp\/v2\/product_tag?post=9288"}],"curies":[{"name":"wp","href":"https:\/\/api.w.org\/{rel}","templated":true}]}}