{"id":9296,"date":"2022-09-21T20:56:45","date_gmt":"2022-09-21T20:56:45","guid":{"rendered":"https:\/\/todoherramientas.com.ar\/?post_type=product&#038;p=9296"},"modified":"2026-04-05T17:53:06","modified_gmt":"2026-04-05T17:53:06","slug":"lubricante-lubrimota-duplicado-8883","status":"publish","type":"product","link":"https:\/\/todoherramientas.com.ar\/index.php\/producto\/lubricante-lubrimota-duplicado-8883\/","title":{"rendered":"Lubricante Lubrimota"},"content":{"rendered":"<p>Lubrica, limpia, desplaza, protege, penetra.<\/p>\n<p>Posee la propiedad de capilaridad.<\/p>\n<p>Con v\u00e1lvula de 360\u00ba para aplicar el producto en cualquier posici\u00f3n.<\/p>\n<p>Incluye c\u00e1nula independiente para lubricar en lugares de dif\u00edcil acceso. Fragancia lim\u00f3n.<\/p>\n","protected":false},"excerpt":{"rendered":"<p>300 GRS \/ 450 ML<\/p>\n","protected":false},"featured_media":9438,"template":"","meta":{"_joinchat":[]},"product_brand":[152],"product_cat":[106,105],"product_tag":[],"class_list":{"0":"post-9296","1":"product","2":"type-product","3":"status-publish","4":"has-post-thumbnail","6":"product_brand-mota","7":"product_cat-aerosoles-lubrimota-artmota-limpiacontactos","8":"product_cat-insumos-herramientas","10":"first","11":"instock","12":"taxable","13":"shipping-taxable","14":"purchasable","15":"product-type-simple"},"aioseo_notices":[],"_links":{"self":[{"href":"https:\/\/todoherramientas.com.ar\/index.php\/wp-json\/wp\/v2\/product\/9296","targetHints":{"allow":["GET"]}}],"collection":[{"href":"https:\/\/todoherramientas.com.ar\/index.php\/wp-json\/wp\/v2\/product"}],"about":[{"href":"https:\/\/todoherramientas.com.ar\/index.php\/wp-json\/wp\/v2\/types\/product"}],"version-history":[{"count":3,"href":"https:\/\/todoherramientas.com.ar\/index.php\/wp-json\/wp\/v2\/product\/9296\/revisions"}],"predecessor-version":[{"id":14772,"href":"https:\/\/todoherramientas.com.ar\/index.php\/wp-json\/wp\/v2\/product\/9296\/revisions\/14772"}],"wp:featuredmedia":[{"embeddable":true,"href":"https:\/\/todoherramientas.com.ar\/index.php\/wp-json\/wp\/v2\/media\/9438"}],"wp:attachment":[{"href":"https:\/\/todoherramientas.com.ar\/index.php\/wp-json\/wp\/v2\/media?parent=9296"}],"wp:term":[{"taxonomy":"product_brand","embeddable":true,"href":"https:\/\/todoherramientas.com.ar\/index.php\/wp-json\/wp\/v2\/product_brand?post=9296"},{"taxonomy":"product_cat","embeddable":true,"href":"https:\/\/todoherramientas.com.ar\/index.php\/wp-json\/wp\/v2\/product_cat?post=9296"},{"taxonomy":"product_tag","embeddable":true,"href":"https:\/\/todoherramientas.com.ar\/index.php\/wp-json\/wp\/v2\/product_tag?post=9296"}],"curies":[{"name":"wp","href":"https:\/\/api.w.org\/{rel}","templated":true}]}}