{"id":9463,"date":"2023-01-09T19:39:46","date_gmt":"2023-01-09T19:39:46","guid":{"rendered":"https:\/\/todoherramientas.com.ar\/?post_type=product&#038;p=9463"},"modified":"2026-04-05T17:53:13","modified_gmt":"2026-04-05T17:53:13","slug":"pinza-punta-chata-con-corte","status":"publish","type":"product","link":"https:\/\/todoherramientas.com.ar\/index.php\/producto\/pinza-punta-chata-con-corte\/","title":{"rendered":"Pinza punta chata con corte"},"content":{"rendered":"<p>Mangos ergon\u00f3micos de aislaci\u00f3n pesada en pl\u00e1sticos compuestos.<\/p>\n<p>Dise\u00f1ado para trabajos de electricidad, sostener, cinchar, doblar, girar y cortar cables y alambres.<\/p>\n<p>Terminaci\u00f3n niquelada.<\/p>\n","protected":false},"excerpt":{"rendered":"<p>6 1\/4&#8243; \/ 160 MM<\/p>\n","protected":false},"featured_media":9465,"template":"","meta":{"_joinchat":[]},"product_brand":[152],"product_cat":[115,48],"product_tag":[],"class_list":{"0":"post-9463","1":"product","2":"type-product","3":"status-publish","4":"has-post-thumbnail","6":"product_brand-mota","7":"product_cat-alicates","8":"product_cat-herramientas-manuales","10":"first","11":"instock","12":"taxable","13":"shipping-taxable","14":"purchasable","15":"product-type-simple"},"aioseo_notices":[],"_links":{"self":[{"href":"https:\/\/todoherramientas.com.ar\/index.php\/wp-json\/wp\/v2\/product\/9463","targetHints":{"allow":["GET"]}}],"collection":[{"href":"https:\/\/todoherramientas.com.ar\/index.php\/wp-json\/wp\/v2\/product"}],"about":[{"href":"https:\/\/todoherramientas.com.ar\/index.php\/wp-json\/wp\/v2\/types\/product"}],"version-history":[{"count":1,"href":"https:\/\/todoherramientas.com.ar\/index.php\/wp-json\/wp\/v2\/product\/9463\/revisions"}],"predecessor-version":[{"id":9464,"href":"https:\/\/todoherramientas.com.ar\/index.php\/wp-json\/wp\/v2\/product\/9463\/revisions\/9464"}],"wp:featuredmedia":[{"embeddable":true,"href":"https:\/\/todoherramientas.com.ar\/index.php\/wp-json\/wp\/v2\/media\/9465"}],"wp:attachment":[{"href":"https:\/\/todoherramientas.com.ar\/index.php\/wp-json\/wp\/v2\/media?parent=9463"}],"wp:term":[{"taxonomy":"product_brand","embeddable":true,"href":"https:\/\/todoherramientas.com.ar\/index.php\/wp-json\/wp\/v2\/product_brand?post=9463"},{"taxonomy":"product_cat","embeddable":true,"href":"https:\/\/todoherramientas.com.ar\/index.php\/wp-json\/wp\/v2\/product_cat?post=9463"},{"taxonomy":"product_tag","embeddable":true,"href":"https:\/\/todoherramientas.com.ar\/index.php\/wp-json\/wp\/v2\/product_tag?post=9463"}],"curies":[{"name":"wp","href":"https:\/\/api.w.org\/{rel}","templated":true}]}}