{"id":9590,"date":"2023-01-10T15:39:51","date_gmt":"2023-01-10T15:39:51","guid":{"rendered":"https:\/\/todoherramientas.com.ar\/?post_type=product&#038;p=9590"},"modified":"2026-04-03T00:22:19","modified_gmt":"2026-04-03T00:22:19","slug":"constructor-interior","status":"publish","type":"product","link":"https:\/\/todoherramientas.com.ar\/index.php\/producto\/constructor-interior\/","title":{"rendered":"Constructor interior"},"content":{"rendered":"<p>L\u00e1tex de acabado mate para interiores.<\/p>\n<p>De gran poder cubritivo. M\u00e1s resistente y antihongo.<\/p>\n<p>De aplicaci\u00f3n f\u00e1cil y r\u00e1pido secado. No deja olor.<\/p>\n<p>Amplia gama de colores y variedad de tonos obtenidos por te\u00f1ido con Tonalba entonador universal, hasta un m\u00e1ximo de 37,5 cm3\/litro.<\/p>\n","protected":false},"excerpt":{"rendered":"<p>Blanco mate 4 LTS<\/p>\n","protected":false},"featured_media":12996,"template":"","meta":{"_joinchat":[]},"product_brand":[156],"product_cat":[130,129],"product_tag":[],"class_list":{"0":"post-9590","1":"product","2":"type-product","3":"status-publish","4":"has-post-thumbnail","6":"product_brand-alba","7":"product_cat-interior","8":"product_cat-pinturas","10":"first","11":"instock","12":"taxable","13":"shipping-taxable","14":"purchasable","15":"product-type-simple"},"aioseo_notices":[],"_links":{"self":[{"href":"https:\/\/todoherramientas.com.ar\/index.php\/wp-json\/wp\/v2\/product\/9590","targetHints":{"allow":["GET"]}}],"collection":[{"href":"https:\/\/todoherramientas.com.ar\/index.php\/wp-json\/wp\/v2\/product"}],"about":[{"href":"https:\/\/todoherramientas.com.ar\/index.php\/wp-json\/wp\/v2\/types\/product"}],"version-history":[{"count":2,"href":"https:\/\/todoherramientas.com.ar\/index.php\/wp-json\/wp\/v2\/product\/9590\/revisions"}],"predecessor-version":[{"id":13091,"href":"https:\/\/todoherramientas.com.ar\/index.php\/wp-json\/wp\/v2\/product\/9590\/revisions\/13091"}],"wp:featuredmedia":[{"embeddable":true,"href":"https:\/\/todoherramientas.com.ar\/index.php\/wp-json\/wp\/v2\/media\/12996"}],"wp:attachment":[{"href":"https:\/\/todoherramientas.com.ar\/index.php\/wp-json\/wp\/v2\/media?parent=9590"}],"wp:term":[{"taxonomy":"product_brand","embeddable":true,"href":"https:\/\/todoherramientas.com.ar\/index.php\/wp-json\/wp\/v2\/product_brand?post=9590"},{"taxonomy":"product_cat","embeddable":true,"href":"https:\/\/todoherramientas.com.ar\/index.php\/wp-json\/wp\/v2\/product_cat?post=9590"},{"taxonomy":"product_tag","embeddable":true,"href":"https:\/\/todoherramientas.com.ar\/index.php\/wp-json\/wp\/v2\/product_tag?post=9590"}],"curies":[{"name":"wp","href":"https:\/\/api.w.org\/{rel}","templated":true}]}}