{"id":9640,"date":"2023-01-10T21:40:51","date_gmt":"2023-01-10T21:40:51","guid":{"rendered":"https:\/\/todoherramientas.com.ar\/?post_type=product&#038;p=9640"},"modified":"2026-04-05T17:53:13","modified_gmt":"2026-04-05T17:53:13","slug":"mini-pinza-universal","status":"publish","type":"product","link":"https:\/\/todoherramientas.com.ar\/index.php\/producto\/mini-pinza-universal\/","title":{"rendered":"Mini pinza universal"},"content":{"rendered":"<p>Dise\u00f1ada para trabajos de montaje m\u00e1s delicados en electr\u00f3nica y mec\u00e1nica.<\/p>\n<p>El acabado que posee, junto con una fina pel\u00edcula de aceite, le ofrece la mejor garant\u00eda de protecci\u00f3n contra la oxidaci\u00f3n evitando cortocircuitos y el descarrilado del cromado.<\/p>\n<p>Filos templados de corte de gran precisi\u00f3n.<\/p>\n<p>Aislaci\u00f3n sumergida.<\/p>\n","protected":false},"excerpt":{"rendered":"<p>5&#8243; \/ 120 MM<\/p>\n","protected":false},"featured_media":9508,"template":"","meta":{"_joinchat":[]},"product_brand":[152],"product_cat":[115,48],"product_tag":[],"class_list":{"0":"post-9640","1":"product","2":"type-product","3":"status-publish","4":"has-post-thumbnail","6":"product_brand-mota","7":"product_cat-alicates","8":"product_cat-herramientas-manuales","10":"first","11":"instock","12":"taxable","13":"shipping-taxable","14":"purchasable","15":"product-type-simple"},"aioseo_notices":[],"_links":{"self":[{"href":"https:\/\/todoherramientas.com.ar\/index.php\/wp-json\/wp\/v2\/product\/9640","targetHints":{"allow":["GET"]}}],"collection":[{"href":"https:\/\/todoherramientas.com.ar\/index.php\/wp-json\/wp\/v2\/product"}],"about":[{"href":"https:\/\/todoherramientas.com.ar\/index.php\/wp-json\/wp\/v2\/types\/product"}],"version-history":[{"count":2,"href":"https:\/\/todoherramientas.com.ar\/index.php\/wp-json\/wp\/v2\/product\/9640\/revisions"}],"predecessor-version":[{"id":9644,"href":"https:\/\/todoherramientas.com.ar\/index.php\/wp-json\/wp\/v2\/product\/9640\/revisions\/9644"}],"wp:featuredmedia":[{"embeddable":true,"href":"https:\/\/todoherramientas.com.ar\/index.php\/wp-json\/wp\/v2\/media\/9508"}],"wp:attachment":[{"href":"https:\/\/todoherramientas.com.ar\/index.php\/wp-json\/wp\/v2\/media?parent=9640"}],"wp:term":[{"taxonomy":"product_brand","embeddable":true,"href":"https:\/\/todoherramientas.com.ar\/index.php\/wp-json\/wp\/v2\/product_brand?post=9640"},{"taxonomy":"product_cat","embeddable":true,"href":"https:\/\/todoherramientas.com.ar\/index.php\/wp-json\/wp\/v2\/product_cat?post=9640"},{"taxonomy":"product_tag","embeddable":true,"href":"https:\/\/todoherramientas.com.ar\/index.php\/wp-json\/wp\/v2\/product_tag?post=9640"}],"curies":[{"name":"wp","href":"https:\/\/api.w.org\/{rel}","templated":true}]}}