{"id":9685,"date":"2023-01-12T14:19:43","date_gmt":"2023-01-12T14:19:43","guid":{"rendered":"https:\/\/todoherramientas.com.ar\/?post_type=product&#038;p=9685"},"modified":"2026-04-05T17:53:14","modified_gmt":"2026-04-05T17:53:14","slug":"alicate-corta-cable-de-acero","status":"publish","type":"product","link":"https:\/\/todoherramientas.com.ar\/index.php\/producto\/alicate-corta-cable-de-acero\/","title":{"rendered":"Alicate corta cable de acero"},"content":{"rendered":"<p>Capacidad de corte de \u00d8 5mm &#8211; 3\/16&#8243;.<\/p>\n<p>Material de cromo vanadio.<\/p>\n<p>Dise\u00f1ado para cortar cables de acero.<\/p>\n<p>Mangos con aislaci\u00f3n pl\u00e1stica sumergida. Terminaci\u00f3n pulida.<\/p>\n","protected":false},"excerpt":{"rendered":"<p>8&#8243; \/ 200 MM<\/p>\n","protected":false},"featured_media":9495,"template":"","meta":{"_joinchat":[]},"product_brand":[152],"product_cat":[115,48],"product_tag":[],"class_list":{"0":"post-9685","1":"product","2":"type-product","3":"status-publish","4":"has-post-thumbnail","6":"product_brand-mota","7":"product_cat-alicates","8":"product_cat-herramientas-manuales","10":"first","11":"instock","12":"taxable","13":"shipping-taxable","14":"purchasable","15":"product-type-simple"},"aioseo_notices":[],"_links":{"self":[{"href":"https:\/\/todoherramientas.com.ar\/index.php\/wp-json\/wp\/v2\/product\/9685","targetHints":{"allow":["GET"]}}],"collection":[{"href":"https:\/\/todoherramientas.com.ar\/index.php\/wp-json\/wp\/v2\/product"}],"about":[{"href":"https:\/\/todoherramientas.com.ar\/index.php\/wp-json\/wp\/v2\/types\/product"}],"version-history":[{"count":2,"href":"https:\/\/todoherramientas.com.ar\/index.php\/wp-json\/wp\/v2\/product\/9685\/revisions"}],"predecessor-version":[{"id":14712,"href":"https:\/\/todoherramientas.com.ar\/index.php\/wp-json\/wp\/v2\/product\/9685\/revisions\/14712"}],"wp:featuredmedia":[{"embeddable":true,"href":"https:\/\/todoherramientas.com.ar\/index.php\/wp-json\/wp\/v2\/media\/9495"}],"wp:attachment":[{"href":"https:\/\/todoherramientas.com.ar\/index.php\/wp-json\/wp\/v2\/media?parent=9685"}],"wp:term":[{"taxonomy":"product_brand","embeddable":true,"href":"https:\/\/todoherramientas.com.ar\/index.php\/wp-json\/wp\/v2\/product_brand?post=9685"},{"taxonomy":"product_cat","embeddable":true,"href":"https:\/\/todoherramientas.com.ar\/index.php\/wp-json\/wp\/v2\/product_cat?post=9685"},{"taxonomy":"product_tag","embeddable":true,"href":"https:\/\/todoherramientas.com.ar\/index.php\/wp-json\/wp\/v2\/product_tag?post=9685"}],"curies":[{"name":"wp","href":"https:\/\/api.w.org\/{rel}","templated":true}]}}