{"id":9689,"date":"2023-01-12T14:32:14","date_gmt":"2023-01-12T14:32:14","guid":{"rendered":"https:\/\/todoherramientas.com.ar\/?post_type=product&#038;p=9689"},"modified":"2026-04-05T17:53:14","modified_gmt":"2026-04-05T17:53:14","slug":"pela-cable-automatico","status":"publish","type":"product","link":"https:\/\/todoherramientas.com.ar\/index.php\/producto\/pela-cable-automatico\/","title":{"rendered":"Pela cable autom\u00e1tico"},"content":{"rendered":"<p>Rango de pelado de cable aplicable 0,2mm &#8211; 6mm.<\/p>\n<p>El mecanismo de ajuste autom\u00e1tico de acuerdo con el tama\u00f1o del cable proporciona un excelente pelado del cable sin da\u00f1ar el conductor.<\/p>\n<p>Tope ajustable para la consistencia en las longitudes de la tira de alambre.<\/p>\n<p>No lo use para cortar alambre de acero con alto contenido de carbono.<\/p>\n","protected":false},"excerpt":{"rendered":"<p>0,2 mm a 6 mm<\/p>\n","protected":false},"featured_media":9470,"template":"","meta":{"_joinchat":[]},"product_brand":[152],"product_cat":[115,48],"product_tag":[],"class_list":{"0":"post-9689","1":"product","2":"type-product","3":"status-publish","4":"has-post-thumbnail","6":"product_brand-mota","7":"product_cat-alicates","8":"product_cat-herramientas-manuales","10":"first","11":"instock","12":"taxable","13":"shipping-taxable","14":"purchasable","15":"product-type-simple"},"aioseo_notices":[],"_links":{"self":[{"href":"https:\/\/todoherramientas.com.ar\/index.php\/wp-json\/wp\/v2\/product\/9689","targetHints":{"allow":["GET"]}}],"collection":[{"href":"https:\/\/todoherramientas.com.ar\/index.php\/wp-json\/wp\/v2\/product"}],"about":[{"href":"https:\/\/todoherramientas.com.ar\/index.php\/wp-json\/wp\/v2\/types\/product"}],"version-history":[{"count":3,"href":"https:\/\/todoherramientas.com.ar\/index.php\/wp-json\/wp\/v2\/product\/9689\/revisions"}],"predecessor-version":[{"id":14710,"href":"https:\/\/todoherramientas.com.ar\/index.php\/wp-json\/wp\/v2\/product\/9689\/revisions\/14710"}],"wp:featuredmedia":[{"embeddable":true,"href":"https:\/\/todoherramientas.com.ar\/index.php\/wp-json\/wp\/v2\/media\/9470"}],"wp:attachment":[{"href":"https:\/\/todoherramientas.com.ar\/index.php\/wp-json\/wp\/v2\/media?parent=9689"}],"wp:term":[{"taxonomy":"product_brand","embeddable":true,"href":"https:\/\/todoherramientas.com.ar\/index.php\/wp-json\/wp\/v2\/product_brand?post=9689"},{"taxonomy":"product_cat","embeddable":true,"href":"https:\/\/todoherramientas.com.ar\/index.php\/wp-json\/wp\/v2\/product_cat?post=9689"},{"taxonomy":"product_tag","embeddable":true,"href":"https:\/\/todoherramientas.com.ar\/index.php\/wp-json\/wp\/v2\/product_tag?post=9689"}],"curies":[{"name":"wp","href":"https:\/\/api.w.org\/{rel}","templated":true}]}}