{"id":9743,"date":"2023-01-15T14:53:51","date_gmt":"2023-01-15T14:53:51","guid":{"rendered":"https:\/\/todoherramientas.com.ar\/?post_type=product&#038;p=9743"},"modified":"2026-04-03T00:22:16","modified_gmt":"2026-04-03T00:22:16","slug":"albafrent-techos-fibrados","status":"publish","type":"product","link":"https:\/\/todoherramientas.com.ar\/index.php\/producto\/albafrent-techos-fibrados\/","title":{"rendered":"Albafrent Techos Fibrados"},"content":{"rendered":"<p>Impermeabilizante acr\u00edlico para terrazas y azoteas satinado.<\/p>\n<p>Al secar forma una membrana protectora de buena adherencia y elasticidad.<\/p>\n<p>Con incorporaci\u00f3n de fibras que le otorgan buena transitabilidad. Buena aislaci\u00f3n t\u00e9rmica.<\/p>\n<p>Impermeable y resistente a la intemperie.<\/p>\n","protected":false},"excerpt":{"rendered":"<p>Blanco 4 KGS<\/p>\n","protected":false},"featured_media":13002,"template":"","meta":{"_joinchat":[]},"product_brand":[156],"product_cat":[131,129],"product_tag":[],"class_list":{"0":"post-9743","1":"product","2":"type-product","3":"status-publish","4":"has-post-thumbnail","6":"product_brand-alba","7":"product_cat-exterior","8":"product_cat-pinturas","10":"first","11":"instock","12":"taxable","13":"shipping-taxable","14":"purchasable","15":"product-type-simple"},"aioseo_notices":[],"_links":{"self":[{"href":"https:\/\/todoherramientas.com.ar\/index.php\/wp-json\/wp\/v2\/product\/9743","targetHints":{"allow":["GET"]}}],"collection":[{"href":"https:\/\/todoherramientas.com.ar\/index.php\/wp-json\/wp\/v2\/product"}],"about":[{"href":"https:\/\/todoherramientas.com.ar\/index.php\/wp-json\/wp\/v2\/types\/product"}],"version-history":[{"count":2,"href":"https:\/\/todoherramientas.com.ar\/index.php\/wp-json\/wp\/v2\/product\/9743\/revisions"}],"predecessor-version":[{"id":13501,"href":"https:\/\/todoherramientas.com.ar\/index.php\/wp-json\/wp\/v2\/product\/9743\/revisions\/13501"}],"wp:featuredmedia":[{"embeddable":true,"href":"https:\/\/todoherramientas.com.ar\/index.php\/wp-json\/wp\/v2\/media\/13002"}],"wp:attachment":[{"href":"https:\/\/todoherramientas.com.ar\/index.php\/wp-json\/wp\/v2\/media?parent=9743"}],"wp:term":[{"taxonomy":"product_brand","embeddable":true,"href":"https:\/\/todoherramientas.com.ar\/index.php\/wp-json\/wp\/v2\/product_brand?post=9743"},{"taxonomy":"product_cat","embeddable":true,"href":"https:\/\/todoherramientas.com.ar\/index.php\/wp-json\/wp\/v2\/product_cat?post=9743"},{"taxonomy":"product_tag","embeddable":true,"href":"https:\/\/todoherramientas.com.ar\/index.php\/wp-json\/wp\/v2\/product_tag?post=9743"}],"curies":[{"name":"wp","href":"https:\/\/api.w.org\/{rel}","templated":true}]}}