{"id":9811,"date":"2023-01-15T16:04:15","date_gmt":"2023-01-15T16:04:15","guid":{"rendered":"https:\/\/todoherramientas.com.ar\/?post_type=product&#038;p=9811"},"modified":"2026-04-03T00:22:19","modified_gmt":"2026-04-03T00:22:19","slug":"albatros","status":"publish","type":"product","link":"https:\/\/todoherramientas.com.ar\/index.php\/producto\/albatros\/","title":{"rendered":"Albatros barniz marino exterior"},"content":{"rendered":"<p>Barniz sint\u00e9tico para exteriores.<\/p>\n<p>Con doble filtro solar y estabilizadores \u00f3pticos que le otorga a la pel\u00edcula m\u00e1xima elasticidad y brillo.<\/p>\n<p>Gran resistencia a la intemperie. Especial para cubrir las exigencias de ambientes externos.<\/p>\n<p>Incoloro, entonable con Tintas Universales Cetol 60 cm3\/litro.<\/p>\n","protected":false},"excerpt":{"rendered":"<p>Brillante 1 LT<\/p>\n","protected":false},"featured_media":9777,"template":"","meta":{"_joinchat":[]},"product_brand":[156],"product_cat":[122,129],"product_tag":[],"class_list":{"0":"post-9811","1":"product","2":"type-product","3":"status-publish","4":"has-post-thumbnail","6":"product_brand-alba","7":"product_cat-impregnantes","8":"product_cat-pinturas","10":"first","11":"instock","12":"taxable","13":"shipping-taxable","14":"purchasable","15":"product-type-simple"},"aioseo_notices":[],"_links":{"self":[{"href":"https:\/\/todoherramientas.com.ar\/index.php\/wp-json\/wp\/v2\/product\/9811","targetHints":{"allow":["GET"]}}],"collection":[{"href":"https:\/\/todoherramientas.com.ar\/index.php\/wp-json\/wp\/v2\/product"}],"about":[{"href":"https:\/\/todoherramientas.com.ar\/index.php\/wp-json\/wp\/v2\/types\/product"}],"version-history":[{"count":5,"href":"https:\/\/todoherramientas.com.ar\/index.php\/wp-json\/wp\/v2\/product\/9811\/revisions"}],"predecessor-version":[{"id":15460,"href":"https:\/\/todoherramientas.com.ar\/index.php\/wp-json\/wp\/v2\/product\/9811\/revisions\/15460"}],"wp:featuredmedia":[{"embeddable":true,"href":"https:\/\/todoherramientas.com.ar\/index.php\/wp-json\/wp\/v2\/media\/9777"}],"wp:attachment":[{"href":"https:\/\/todoherramientas.com.ar\/index.php\/wp-json\/wp\/v2\/media?parent=9811"}],"wp:term":[{"taxonomy":"product_brand","embeddable":true,"href":"https:\/\/todoherramientas.com.ar\/index.php\/wp-json\/wp\/v2\/product_brand?post=9811"},{"taxonomy":"product_cat","embeddable":true,"href":"https:\/\/todoherramientas.com.ar\/index.php\/wp-json\/wp\/v2\/product_cat?post=9811"},{"taxonomy":"product_tag","embeddable":true,"href":"https:\/\/todoherramientas.com.ar\/index.php\/wp-json\/wp\/v2\/product_tag?post=9811"}],"curies":[{"name":"wp","href":"https:\/\/api.w.org\/{rel}","templated":true}]}}